{"id":39,"date":"2021-06-10T05:02:19","date_gmt":"2021-06-10T05:02:19","guid":{"rendered":"https:\/\/shtheme.org\/demosd\/winta\/?page_id=39"},"modified":"2025-12-05T10:01:39","modified_gmt":"2025-12-05T10:01:39","slug":"galerie","status":"publish","type":"page","link":"https:\/\/blackolive-marrakech.com\/fr\/galerie\/","title":{"rendered":"Galerie"},"content":{"rendered":"<div data-elementor-type=\"wp-page\" data-elementor-id=\"39\" class=\"elementor elementor-39\" data-elementor-post-type=\"page\">\n\t\t\t\t\t\t<section class=\"elementor-section elementor-top-section elementor-element elementor-element-8955c09 elementor-section-full_width elementor-section-height-default elementor-section-height-default\" data-id=\"8955c09\" data-element_type=\"section\" data-e-type=\"section\">\n\t\t\t\t\t\t<div class=\"elementor-container elementor-column-gap-no\">\n\t\t\t\t\t<div class=\"elementor-column elementor-col-100 elementor-top-column elementor-element elementor-element-5641e03\" data-id=\"5641e03\" data-element_type=\"column\" data-e-type=\"column\">\n\t\t\t<div class=\"elementor-widget-wrap elementor-element-populated\">\n\t\t\t\t\t\t<div class=\"elementor-element elementor-element-d438ca1 elementor-align-center elementor-widget elementor-widget-pages-header\" data-id=\"d438ca1\" data-element_type=\"widget\" data-e-type=\"widget\" data-widget_type=\"pages-header.default\">\n\t\t\t\t<div class=\"elementor-widget-container\">\n\t\t\t\t\t\n\t\t\t\t<header class=\"banner-header valign bg-img bg-img-fixed\" data-overlay-dark=\"5\" data-background=\"https:\/\/shtheme.org\/demosd\/winta\/wp-content\/uploads\/2021\/06\/banner.jpg\">\n\t\t        <div class=\"container\">\n            <div class=\"row\">\n                <div class=\"col-md-12 text-right caption mt-90 animate-box\" data-animate-effect=\"fadeInUp\">\n                \t                    <h1> D\u00e9couvrez notre restaurant<\/h1>\n                                                            <h5> Une place magnifique pour des souvenirs m\u00e9morables<\/h5>\n                                        <hr class=\"line line-hr-right\">\n                <\/div>\n            <\/div>\n        <\/div>\n    <\/header>\n\t\t\n\t\t\t\t\t<\/div>\n\t\t\t\t<\/div>\n\t\t\t\t\t<\/div>\n\t\t<\/div>\n\t\t\t\t\t<\/div>\n\t\t<\/section>\n\t\t<div class=\"elementor-element elementor-element-020795d e-flex e-con-boxed e-con e-parent\" data-id=\"020795d\" data-element_type=\"container\" data-e-type=\"container\">\n\t\t\t\t\t<div class=\"e-con-inner\">\n\t\t\t\t<div class=\"elementor-element elementor-element-cf298db elementor-align-center elementor-widget elementor-widget-home-multi-about\" data-id=\"cf298db\" data-element_type=\"widget\" data-e-type=\"widget\" data-widget_type=\"home-multi-about.default\">\n\t\t\t\t<div class=\"elementor-widget-container\">\n\t\t\t\t\t\r\n\r\n\t\t<section class=\"section-padding\">\r\n\r\n\t\t\t<div class=\"container\">\r\n\r\n\t\t\t\t<div class=\"row\">\r\n\r\n\t\t\t\t\t<div class=\"col-md-6 mb-60 animate-box\" data-animate-effect=\"fadeInUp\">\r\n\r\n\t\t\t\t\t\t\t\t\t\t\t\t<span class=\"section-subtitle\">Bijou architectural, moderne et tr\u00e9s accueillant<\/span>\r\n\t\t\t\t\t\t\r\n\t\t\t\t\t\t\t\t\t\t\t\t<h2 class=\"section-title\">Visitez notre chef d'\u0153uvre <span> architectural<\/span><\/h2>\r\n\t\t\t\t\t\t\r\n\t\t\t\t\t\t\r\n\t\t\t\t\t<\/div>\r\n\r\n\t\t\t\t\t<div class=\"col-md-6 about mb-60 animate-box\" data-animate-effect=\"fadeInUp\">\r\n\r\n\t\t\t\t\t\t<div class=\"about-frame\">\r\n\r\n\t\t\t\t\t\t\t<div class=\"row\">\r\n\r\n\t\t\t\t\t\t\t\t<div class=\"col-md-12\">\r\n\r\n\t\t\t\t\t\t\t\t\t\r\n\t\t\t\t\t\t\t\t<\/div>\r\n\r\n\t\t\t\t\t\t\t\t<div class=\"col-md-7\">\r\n\r\n\t\t\t\t\t\t\t\t\t\r\n\t\t\t\t\t\t\t\t<\/div>\r\n\r\n\t\t\t\t\t\t\t\t<div class=\"col-md-5\">\r\n\r\n\t\t\t\t\t\t\t\t\t<div class=\"years-about-frame\">\r\n\r\n\t\t\t\t\t\t\t\t\t\t<div class=\"about-frame-text\">\r\n\r\n\t\t\t\t\t\t\t\t\t\t\t\r\n\t\t\t\t\t\t\t\t\t\t\t\r\n\t\t\t\t\t\t\t\t\t\t<\/div>\r\n\r\n\t\t\t\t\t\t\t\t\t<\/div>\r\n\r\n\t\t\t\t\t\t\t\t<\/div>\r\n\r\n\t\t\t\t\t\t\t<\/div>\r\n\r\n\t\t\t\t\t\t<\/div>\r\n\r\n\t\t\t\t\t<\/div>\r\n\r\n\t\t\t\t<\/div>\r\n\r\n\t\t\t<\/div>\r\n\r\n\t\t<\/section>\r\n\r\n\t\t\t\t\t<\/div>\n\t\t\t\t<\/div>\n\t\t\t\t\t<\/div>\n\t\t\t\t<\/div>\n\t\t<div class=\"elementor-element elementor-element-3667a7d e-flex e-con-boxed e-con e-parent\" data-id=\"3667a7d\" data-element_type=\"container\" data-e-type=\"container\">\n\t\t\t\t\t<div class=\"e-con-inner\">\n\t\t\t\t<div class=\"elementor-element elementor-element-113f8bb elementor-align-left elementor-widget elementor-widget-pages-gallery\" data-id=\"113f8bb\" data-element_type=\"widget\" data-e-type=\"widget\" data-widget_type=\"pages-gallery.default\">\n\t\t\t\t<div class=\"elementor-widget-container\">\n\t\t\t\t\t\n\t\t<section class=\"section-padding\">\n\n\t\t\t<div class=\"container\">\n\n\t\t\t\t<div class=\"row winta-photos\" id=\"winta-section-photos\">\n\n\t\t\t\t\t\t\t\t\t\t\t\n\t\t\t\t\t\t\t\n\t\t\t\t\t\t\t<div class=\"col-md-4 gallery-item\">\n\t\t\t\t\t\t\n\t\t\t\t\t\t\t\t\n\t\t\t\t\t\t\t\t\t<a href=\"https:\/\/blackolive-marrakech.com\/wp-content\/uploads\/2025\/11\/blackOl.jpeg\" title=\"Suggestion du chef\" class=\"img-zoom\">\n\n\t\t\t\t\t\t\t\t\t\t<div class=\"gallery-box\">\n\n\t\t\t\t\t\t\t\t\t\t\t<div class=\"gallery-img\"> <img decoding=\"async\" src=\"https:\/\/blackolive-marrakech.com\/wp-content\/uploads\/2025\/11\/blackOl.jpeg\" class=\"img-fluid mx-auto d-block\" alt=\"image de travail\"> <\/div>\n\n\t\t\t\t\t\t\t\t\t\t<\/div>\n\n\t\t\t\t\t\t\t\t\t<\/a>\n\n\t\t\t\t\t\t\t\t\n\t\t\t\t\t\t\t<\/div>\n\n\t\t\t\t\t\t\t\t\t\t\t\n\t\t\t\t\t\t\t\n\t\t\t\t\t\t\t<div class=\"col-md-4 gallery-item\">\n\t\t\t\t\t\t\n\t\t\t\t\t\t\t\t\n\t\t\t\t\t\t\t\t\t<a href=\"https:\/\/blackolive-marrakech.com\/wp-content\/uploads\/2025\/11\/WhatsApp-Image-2025-10-30-at-13.19.452.jpeg\" title=\"Suggestion du chef\" class=\"img-zoom\">\n\n\t\t\t\t\t\t\t\t\t\t<div class=\"gallery-box\">\n\n\t\t\t\t\t\t\t\t\t\t\t<div class=\"gallery-img\"> <img decoding=\"async\" src=\"https:\/\/blackolive-marrakech.com\/wp-content\/uploads\/2025\/11\/WhatsApp-Image-2025-10-30-at-13.19.452.jpeg\" class=\"img-fluid mx-auto d-block\" alt=\"image de travail\"> <\/div>\n\n\t\t\t\t\t\t\t\t\t\t<\/div>\n\n\t\t\t\t\t\t\t\t\t<\/a>\n\n\t\t\t\t\t\t\t\t\n\t\t\t\t\t\t\t<\/div>\n\n\t\t\t\t\t\t\t\t\t\t\t\n\t\t\t\t\t\t\t\n\t\t\t\t\t\t\t<div class=\"col-md-4 gallery-item\">\n\t\t\t\t\t\t\n\t\t\t\t\t\t\t\t\n\t\t\t\t\t\t\t\t\t<a href=\"https:\/\/blackolive-marrakech.com\/wp-content\/uploads\/2025\/11\/WhatsApp-Image-2025-10-30-at-13.19.453.jpeg\" title=\"Suggestion du chef\" class=\"img-zoom\">\n\n\t\t\t\t\t\t\t\t\t\t<div class=\"gallery-box\">\n\n\t\t\t\t\t\t\t\t\t\t\t<div class=\"gallery-img\"> <img decoding=\"async\" src=\"https:\/\/blackolive-marrakech.com\/wp-content\/uploads\/2025\/11\/WhatsApp-Image-2025-10-30-at-13.19.453.jpeg\" class=\"img-fluid mx-auto d-block\" alt=\"image de travail\"> <\/div>\n\n\t\t\t\t\t\t\t\t\t\t<\/div>\n\n\t\t\t\t\t\t\t\t\t<\/a>\n\n\t\t\t\t\t\t\t\t\n\t\t\t\t\t\t\t<\/div>\n\n\t\t\t\t\t\t\t\t\t\t\t\n\t\t\t\t\t\t\t\n\t\t\t\t\t\t\t<div class=\"col-md-4 gallery-item\">\n\t\t\t\t\t\t\n\t\t\t\t\t\t\t\t\n\t\t\t\t\t\t\t\t\t<a href=\"https:\/\/blackolive-marrakech.com\/wp-content\/uploads\/2025\/11\/wmremove-transformed-1.jpeg\" title=\"Suggestion du chef\" class=\"img-zoom\">\n\n\t\t\t\t\t\t\t\t\t\t<div class=\"gallery-box\">\n\n\t\t\t\t\t\t\t\t\t\t\t<div class=\"gallery-img\"> <img decoding=\"async\" src=\"https:\/\/blackolive-marrakech.com\/wp-content\/uploads\/2025\/11\/wmremove-transformed-1.jpeg\" class=\"img-fluid mx-auto d-block\" alt=\"image de travail\"> <\/div>\n\n\t\t\t\t\t\t\t\t\t\t<\/div>\n\n\t\t\t\t\t\t\t\t\t<\/a>\n\n\t\t\t\t\t\t\t\t\n\t\t\t\t\t\t\t<\/div>\n\n\t\t\t\t\t\t\t\t\t\t\t\n\t\t\t\t\t\t\t\n\t\t\t\t\t\t\t<div class=\"col-md-4 gallery-item\">\n\t\t\t\t\t\t\n\t\t\t\t\t\t\t\t\n\t\t\t\t\t\t\t\t\t<a href=\"https:\/\/blackolive-marrakech.com\/wp-content\/uploads\/2025\/11\/wmremove-transformed.jpeg\" title=\"Suggestion du chef\" class=\"img-zoom\">\n\n\t\t\t\t\t\t\t\t\t\t<div class=\"gallery-box\">\n\n\t\t\t\t\t\t\t\t\t\t\t<div class=\"gallery-img\"> <img decoding=\"async\" src=\"https:\/\/blackolive-marrakech.com\/wp-content\/uploads\/2025\/11\/wmremove-transformed.jpeg\" class=\"img-fluid mx-auto d-block\" alt=\"image de travail\"> <\/div>\n\n\t\t\t\t\t\t\t\t\t\t<\/div>\n\n\t\t\t\t\t\t\t\t\t<\/a>\n\n\t\t\t\t\t\t\t\t\n\t\t\t\t\t\t\t<\/div>\n\n\t\t\t\t\t\t\t\t\t\t\t\n\t\t\t\t\t\t\t\n\t\t\t\t\t\t\t<div class=\"col-md-4 gallery-item\">\n\t\t\t\t\t\t\n\t\t\t\t\t\t\t\t\n\t\t\t\t\t\t\t\t\t<a href=\"https:\/\/blackolive-marrakech.com\/wp-content\/uploads\/2025\/11\/wmremove-transformed-2.jpeg\" title=\"Suggestion du chef\" class=\"img-zoom\">\n\n\t\t\t\t\t\t\t\t\t\t<div class=\"gallery-box\">\n\n\t\t\t\t\t\t\t\t\t\t\t<div class=\"gallery-img\"> <img decoding=\"async\" src=\"https:\/\/blackolive-marrakech.com\/wp-content\/uploads\/2025\/11\/wmremove-transformed-2.jpeg\" class=\"img-fluid mx-auto d-block\" alt=\"image de travail\"> <\/div>\n\n\t\t\t\t\t\t\t\t\t\t<\/div>\n\n\t\t\t\t\t\t\t\t\t<\/a>\n\n\t\t\t\t\t\t\t\t\n\t\t\t\t\t\t\t<\/div>\n\n\t\t\t\t\t\t\t\t\t\t\t\n\t\t\t\t\t\t\t\n\t\t\t\t\t\t\t<div class=\"col-md-4 gallery-item\">\n\t\t\t\t\t\t\n\t\t\t\t\t\t\t\t\n\t\t\t\t\t\t\t\t\t<a href=\"https:\/\/blackolive-marrakech.com\/wp-content\/uploads\/2025\/11\/wmremove-transformed-3.jpeg\" title=\"Suggestion du chef\" class=\"img-zoom\">\n\n\t\t\t\t\t\t\t\t\t\t<div class=\"gallery-box\">\n\n\t\t\t\t\t\t\t\t\t\t\t<div class=\"gallery-img\"> <img decoding=\"async\" src=\"https:\/\/blackolive-marrakech.com\/wp-content\/uploads\/2025\/11\/wmremove-transformed-3.jpeg\" class=\"img-fluid mx-auto d-block\" alt=\"image de travail\"> <\/div>\n\n\t\t\t\t\t\t\t\t\t\t<\/div>\n\n\t\t\t\t\t\t\t\t\t<\/a>\n\n\t\t\t\t\t\t\t\t\n\t\t\t\t\t\t\t<\/div>\n\n\t\t\t\t\t\t\t\t\t\t\t\n\t\t\t\t\t\t\t\n\t\t\t\t\t\t\t<div class=\"col-md-4 gallery-item\">\n\t\t\t\t\t\t\n\t\t\t\t\t\t\t\t\n\t\t\t\t\t\t\t\t\t<a href=\"https:\/\/blackolive-marrakech.com\/wp-content\/uploads\/2025\/11\/1763466955-ac2ae9b5.jpg\" title=\"Suggestion du chef\" class=\"img-zoom\">\n\n\t\t\t\t\t\t\t\t\t\t<div class=\"gallery-box\">\n\n\t\t\t\t\t\t\t\t\t\t\t<div class=\"gallery-img\"> <img decoding=\"async\" src=\"https:\/\/blackolive-marrakech.com\/wp-content\/uploads\/2025\/11\/1763466955-ac2ae9b5.jpg\" class=\"img-fluid mx-auto d-block\" alt=\"image de travail\"> <\/div>\n\n\t\t\t\t\t\t\t\t\t\t<\/div>\n\n\t\t\t\t\t\t\t\t\t<\/a>\n\n\t\t\t\t\t\t\t\t\n\t\t\t\t\t\t\t<\/div>\n\n\t\t\t\t\t\t\t\t\t\t\t\n\t\t\t\t\t\t\t\n\t\t\t\t\t\t\t<div class=\"col-md-4 gallery-item\">\n\t\t\t\t\t\t\n\t\t\t\t\t\t\t\t\n\t\t\t\t\t\t\t\t\t<a href=\"https:\/\/blackolive-marrakech.com\/wp-content\/uploads\/2025\/11\/1763466862-d9f61ec6.jpg\" title=\"Suggestion du chef\" class=\"img-zoom\">\n\n\t\t\t\t\t\t\t\t\t\t<div class=\"gallery-box\">\n\n\t\t\t\t\t\t\t\t\t\t\t<div class=\"gallery-img\"> <img decoding=\"async\" src=\"https:\/\/blackolive-marrakech.com\/wp-content\/uploads\/2025\/11\/1763466862-d9f61ec6.jpg\" class=\"img-fluid mx-auto d-block\" alt=\"image de travail\"> <\/div>\n\n\t\t\t\t\t\t\t\t\t\t<\/div>\n\n\t\t\t\t\t\t\t\t\t<\/a>\n\n\t\t\t\t\t\t\t\t\n\t\t\t\t\t\t\t<\/div>\n\n\t\t\t\t\t\t\t\t\t\t\t\n\t\t\t\t\t\t\t\n\t\t\t\t\t\t\t<div class=\"col-md-4 gallery-item\">\n\t\t\t\t\t\t\n\t\t\t\t\t\t\t\t\n\t\t\t\t\t\t\t\t\t<a href=\"https:\/\/blackolive-marrakech.com\/wp-content\/uploads\/2025\/11\/1763466955-ac2ae9b5.jpg\" title=\"Suggestion du chef\" class=\"img-zoom\">\n\n\t\t\t\t\t\t\t\t\t\t<div class=\"gallery-box\">\n\n\t\t\t\t\t\t\t\t\t\t\t<div class=\"gallery-img\"> <img decoding=\"async\" src=\"https:\/\/blackolive-marrakech.com\/wp-content\/uploads\/2025\/11\/1763466955-ac2ae9b5.jpg\" class=\"img-fluid mx-auto d-block\" alt=\"image de travail\"> <\/div>\n\n\t\t\t\t\t\t\t\t\t\t<\/div>\n\n\t\t\t\t\t\t\t\t\t<\/a>\n\n\t\t\t\t\t\t\t\t\n\t\t\t\t\t\t\t<\/div>\n\n\t\t\t\t\t\t\t\t\t\t\t\n\t\t\t\t\t\t\t\n\t\t\t\t\t\t\t<div class=\"col-md-4 gallery-item\">\n\t\t\t\t\t\t\n\t\t\t\t\t\t\t\t\n\t\t\t\t\t\t\t\t\t<a href=\"https:\/\/blackolive-marrakech.com\/wp-content\/uploads\/2025\/11\/1763467004-2ba1bd0b.jpg\" title=\"Suggestion du chef\" class=\"img-zoom\">\n\n\t\t\t\t\t\t\t\t\t\t<div class=\"gallery-box\">\n\n\t\t\t\t\t\t\t\t\t\t\t<div class=\"gallery-img\"> <img decoding=\"async\" src=\"https:\/\/blackolive-marrakech.com\/wp-content\/uploads\/2025\/11\/1763467004-2ba1bd0b.jpg\" class=\"img-fluid mx-auto d-block\" alt=\"image de travail\"> <\/div>\n\n\t\t\t\t\t\t\t\t\t\t<\/div>\n\n\t\t\t\t\t\t\t\t\t<\/a>\n\n\t\t\t\t\t\t\t\t\n\t\t\t\t\t\t\t<\/div>\n\n\t\t\t\t\t\t\t\t\t\t\t\n\t\t\t\t\t\t\t\n\t\t\t\t\t\t\t<div class=\"col-md-4 gallery-item\">\n\t\t\t\t\t\t\n\t\t\t\t\t\t\t\t\n\t\t\t\t\t\t\t\t\t<a href=\"https:\/\/blackolive-marrakech.com\/wp-content\/uploads\/2025\/11\/1763467040-f6c1a080.jpg\" title=\"Suggestion du chef\" class=\"img-zoom\">\n\n\t\t\t\t\t\t\t\t\t\t<div class=\"gallery-box\">\n\n\t\t\t\t\t\t\t\t\t\t\t<div class=\"gallery-img\"> <img decoding=\"async\" src=\"https:\/\/blackolive-marrakech.com\/wp-content\/uploads\/2025\/11\/1763467040-f6c1a080.jpg\" class=\"img-fluid mx-auto d-block\" alt=\"image de travail\"> <\/div>\n\n\t\t\t\t\t\t\t\t\t\t<\/div>\n\n\t\t\t\t\t\t\t\t\t<\/a>\n\n\t\t\t\t\t\t\t\t\n\t\t\t\t\t\t\t<\/div>\n\n\t\t\t\t\t\t\t\t\t\t\t\n\t\t\t\t\t\t\t\n\t\t\t\t\t\t\t<div class=\"col-md-4 gallery-item\">\n\t\t\t\t\t\t\n\t\t\t\t\t\t\t\t\n\t\t\t\t\t\t\t\t\t<a href=\"https:\/\/blackolive-marrakech.com\/wp-content\/uploads\/2025\/11\/1763467114-df10527a.jpg\" title=\"Suggestion du chef\" class=\"img-zoom\">\n\n\t\t\t\t\t\t\t\t\t\t<div class=\"gallery-box\">\n\n\t\t\t\t\t\t\t\t\t\t\t<div class=\"gallery-img\"> <img decoding=\"async\" src=\"https:\/\/blackolive-marrakech.com\/wp-content\/uploads\/2025\/11\/1763467114-df10527a.jpg\" class=\"img-fluid mx-auto d-block\" alt=\"image de travail\"> <\/div>\n\n\t\t\t\t\t\t\t\t\t\t<\/div>\n\n\t\t\t\t\t\t\t\t\t<\/a>\n\n\t\t\t\t\t\t\t\t\n\t\t\t\t\t\t\t<\/div>\n\n\t\t\t\t\t\t\t\t\t\t\t\n\t\t\t\t\t\t\t\n\t\t\t\t\t\t\t<div class=\"col-md-4 gallery-item\">\n\t\t\t\t\t\t\n\t\t\t\t\t\t\t\t\n\t\t\t\t\t\t\t\t\t<a href=\"https:\/\/blackolive-marrakech.com\/wp-content\/uploads\/2025\/11\/1763467149-5825a9ee.jpg\" title=\"Suggestion du chef\" class=\"img-zoom\">\n\n\t\t\t\t\t\t\t\t\t\t<div class=\"gallery-box\">\n\n\t\t\t\t\t\t\t\t\t\t\t<div class=\"gallery-img\"> <img decoding=\"async\" src=\"https:\/\/blackolive-marrakech.com\/wp-content\/uploads\/2025\/11\/1763467149-5825a9ee.jpg\" class=\"img-fluid mx-auto d-block\" alt=\"image de travail\"> <\/div>\n\n\t\t\t\t\t\t\t\t\t\t<\/div>\n\n\t\t\t\t\t\t\t\t\t<\/a>\n\n\t\t\t\t\t\t\t\t\n\t\t\t\t\t\t\t<\/div>\n\n\t\t\t\t\t\t\t\t\t\t\t\n\t\t\t\t\t\t\t\n\t\t\t\t\t\t\t<div class=\"col-md-4 gallery-item\">\n\t\t\t\t\t\t\n\t\t\t\t\t\t\t\t\n\t\t\t\t\t\t\t\t\t<a href=\"https:\/\/blackolive-marrakech.com\/wp-content\/uploads\/2025\/11\/1763467339-fc4a0e33.jpg\" title=\"Suggestion du chef\" class=\"img-zoom\">\n\n\t\t\t\t\t\t\t\t\t\t<div class=\"gallery-box\">\n\n\t\t\t\t\t\t\t\t\t\t\t<div class=\"gallery-img\"> <img decoding=\"async\" src=\"https:\/\/blackolive-marrakech.com\/wp-content\/uploads\/2025\/11\/1763467339-fc4a0e33.jpg\" class=\"img-fluid mx-auto d-block\" alt=\"image de travail\"> <\/div>\n\n\t\t\t\t\t\t\t\t\t\t<\/div>\n\n\t\t\t\t\t\t\t\t\t<\/a>\n\n\t\t\t\t\t\t\t\t\n\t\t\t\t\t\t\t<\/div>\n\n\t\t\t\t\t\t\t\t\t\t\t\n\t\t\t\t\t\t\t\n\t\t\t\t\t\t\t<div class=\"col-md-4 gallery-item\">\n\t\t\t\t\t\t\n\t\t\t\t\t\t\t\t\n\t\t\t\t\t\t\t\t\t<a href=\"https:\/\/blackolive-marrakech.com\/wp-content\/uploads\/2025\/11\/1763467479-772e6e9f.jpg\" title=\"Suggestion du chef\" class=\"img-zoom\">\n\n\t\t\t\t\t\t\t\t\t\t<div class=\"gallery-box\">\n\n\t\t\t\t\t\t\t\t\t\t\t<div class=\"gallery-img\"> <img decoding=\"async\" src=\"https:\/\/blackolive-marrakech.com\/wp-content\/uploads\/2025\/11\/1763467479-772e6e9f.jpg\" class=\"img-fluid mx-auto d-block\" alt=\"image de travail\"> <\/div>\n\n\t\t\t\t\t\t\t\t\t\t<\/div>\n\n\t\t\t\t\t\t\t\t\t<\/a>\n\n\t\t\t\t\t\t\t\t\n\t\t\t\t\t\t\t<\/div>\n\n\t\t\t\t\t\t\t\t\t\t\t\n\t\t\t\t\t\t\t\n\t\t\t\t\t\t\t<div class=\"col-md-4 gallery-item\">\n\t\t\t\t\t\t\n\t\t\t\t\t\t\t\t\n\t\t\t\t\t\t\t\t\t<a href=\"https:\/\/blackolive-marrakech.com\/wp-content\/uploads\/2025\/11\/1763467509-6a8f44f7.jpg\" title=\"Suggestion du chef\" class=\"img-zoom\">\n\n\t\t\t\t\t\t\t\t\t\t<div class=\"gallery-box\">\n\n\t\t\t\t\t\t\t\t\t\t\t<div class=\"gallery-img\"> <img decoding=\"async\" src=\"https:\/\/blackolive-marrakech.com\/wp-content\/uploads\/2025\/11\/1763467509-6a8f44f7.jpg\" class=\"img-fluid mx-auto d-block\" alt=\"image de travail\"> <\/div>\n\n\t\t\t\t\t\t\t\t\t\t<\/div>\n\n\t\t\t\t\t\t\t\t\t<\/a>\n\n\t\t\t\t\t\t\t\t\n\t\t\t\t\t\t\t<\/div>\n\n\t\t\t\t\t\t\t\t\t\t\t\n\t\t\t\t\t\t\t\n\t\t\t\t\t\t\t<div class=\"col-md-4 gallery-item\">\n\t\t\t\t\t\t\n\t\t\t\t\t\t\t\t\n\t\t\t\t\t\t\t\t\t<a href=\"https:\/\/blackolive-marrakech.com\/wp-content\/uploads\/2025\/11\/1763467547-9770cb11.jpg\" title=\"Suggestion du chef\" class=\"img-zoom\">\n\n\t\t\t\t\t\t\t\t\t\t<div class=\"gallery-box\">\n\n\t\t\t\t\t\t\t\t\t\t\t<div class=\"gallery-img\"> <img decoding=\"async\" src=\"https:\/\/blackolive-marrakech.com\/wp-content\/uploads\/2025\/11\/1763467547-9770cb11.jpg\" class=\"img-fluid mx-auto d-block\" alt=\"image de travail\"> <\/div>\n\n\t\t\t\t\t\t\t\t\t\t<\/div>\n\n\t\t\t\t\t\t\t\t\t<\/a>\n\n\t\t\t\t\t\t\t\t\n\t\t\t\t\t\t\t<\/div>\n\n\t\t\t\t\t\t\t\t\t\t\t\n\t\t\t\t\t\t\t\n\t\t\t\t\t\t\t<div class=\"col-md-4 gallery-item\">\n\t\t\t\t\t\t\n\t\t\t\t\t\t\t\t\n\t\t\t\t\t\t\t\t\t<a href=\"https:\/\/blackolive-marrakech.com\/wp-content\/uploads\/2025\/11\/1763467581-13d3ca0a.jpg\" title=\"Suggestion du chef\" class=\"img-zoom\">\n\n\t\t\t\t\t\t\t\t\t\t<div class=\"gallery-box\">\n\n\t\t\t\t\t\t\t\t\t\t\t<div class=\"gallery-img\"> <img decoding=\"async\" src=\"https:\/\/blackolive-marrakech.com\/wp-content\/uploads\/2025\/11\/1763467581-13d3ca0a.jpg\" class=\"img-fluid mx-auto d-block\" alt=\"image de travail\"> <\/div>\n\n\t\t\t\t\t\t\t\t\t\t<\/div>\n\n\t\t\t\t\t\t\t\t\t<\/a>\n\n\t\t\t\t\t\t\t\t\n\t\t\t\t\t\t\t<\/div>\n\n\t\t\t\t\t\t\t\t\t\t\t\n\t\t\t\t\t\t\t\n\t\t\t\t\t\t\t<div class=\"col-md-4 gallery-item\">\n\t\t\t\t\t\t\n\t\t\t\t\t\t\t\t\n\t\t\t\t\t\t\t\t\t<a href=\"https:\/\/blackolive-marrakech.com\/wp-content\/uploads\/2025\/11\/1763467611-95eed305.jpg\" title=\"Suggestion du chef\" class=\"img-zoom\">\n\n\t\t\t\t\t\t\t\t\t\t<div class=\"gallery-box\">\n\n\t\t\t\t\t\t\t\t\t\t\t<div class=\"gallery-img\"> <img decoding=\"async\" src=\"https:\/\/blackolive-marrakech.com\/wp-content\/uploads\/2025\/11\/1763467611-95eed305.jpg\" class=\"img-fluid mx-auto d-block\" alt=\"image de travail\"> <\/div>\n\n\t\t\t\t\t\t\t\t\t\t<\/div>\n\n\t\t\t\t\t\t\t\t\t<\/a>\n\n\t\t\t\t\t\t\t\t\n\t\t\t\t\t\t\t<\/div>\n\n\t\t\t\t\t\t\t\t\t\t\t\n\t\t\t\t\t\t\t\n\t\t\t\t\t\t\t<div class=\"col-md-4 gallery-item\">\n\t\t\t\t\t\t\n\t\t\t\t\t\t\t\t\n\t\t\t\t\t\t\t\t\t<a href=\"https:\/\/blackolive-marrakech.com\/wp-content\/uploads\/2025\/11\/1763467640-b8c2cde7.jpg\" title=\"Suggestion du chef\" class=\"img-zoom\">\n\n\t\t\t\t\t\t\t\t\t\t<div class=\"gallery-box\">\n\n\t\t\t\t\t\t\t\t\t\t\t<div class=\"gallery-img\"> <img decoding=\"async\" src=\"https:\/\/blackolive-marrakech.com\/wp-content\/uploads\/2025\/11\/1763467640-b8c2cde7.jpg\" class=\"img-fluid mx-auto d-block\" alt=\"image de travail\"> <\/div>\n\n\t\t\t\t\t\t\t\t\t\t<\/div>\n\n\t\t\t\t\t\t\t\t\t<\/a>\n\n\t\t\t\t\t\t\t\t\n\t\t\t\t\t\t\t<\/div>\n\n\t\t\t\t\t\t\t\t\t\t\t\n\t\t\t\t\t\t\t\n\t\t\t\t\t\t\t<div class=\"col-md-4 gallery-item\">\n\t\t\t\t\t\t\n\t\t\t\t\t\t\t\t\n\t\t\t\t\t\t\t\t\t<a href=\"https:\/\/blackolive-marrakech.com\/wp-content\/uploads\/2025\/11\/1763467677-a2f2a5bb.jpg\" title=\"Suggestion du chef\" class=\"img-zoom\">\n\n\t\t\t\t\t\t\t\t\t\t<div class=\"gallery-box\">\n\n\t\t\t\t\t\t\t\t\t\t\t<div class=\"gallery-img\"> <img decoding=\"async\" src=\"https:\/\/blackolive-marrakech.com\/wp-content\/uploads\/2025\/11\/1763467677-a2f2a5bb.jpg\" class=\"img-fluid mx-auto d-block\" alt=\"image de travail\"> <\/div>\n\n\t\t\t\t\t\t\t\t\t\t<\/div>\n\n\t\t\t\t\t\t\t\t\t<\/a>\n\n\t\t\t\t\t\t\t\t\n\t\t\t\t\t\t\t<\/div>\n\n\t\t\t\t\t\t\t\t\t\t\t\n\t\t\t\t\t\t\t\n\t\t\t\t\t\t\t<div class=\"col-md-4 gallery-item\">\n\t\t\t\t\t\t\n\t\t\t\t\t\t\t\t\n\t\t\t\t\t\t\t\t\t<a href=\"https:\/\/blackolive-marrakech.com\/wp-content\/uploads\/2025\/11\/1763467786-68bc9718.jpg\" title=\"Suggestion du chef\" class=\"img-zoom\">\n\n\t\t\t\t\t\t\t\t\t\t<div class=\"gallery-box\">\n\n\t\t\t\t\t\t\t\t\t\t\t<div class=\"gallery-img\"> <img decoding=\"async\" src=\"https:\/\/blackolive-marrakech.com\/wp-content\/uploads\/2025\/11\/1763467786-68bc9718.jpg\" class=\"img-fluid mx-auto d-block\" alt=\"image de travail\"> <\/div>\n\n\t\t\t\t\t\t\t\t\t\t<\/div>\n\n\t\t\t\t\t\t\t\t\t<\/a>\n\n\t\t\t\t\t\t\t\t\n\t\t\t\t\t\t\t<\/div>\n\n\t\t\t\t\t\t\t\t\t\t\t\n\t\t\t\t\t\t\t\n\t\t\t\t\t\t\t<div class=\"col-md-4 gallery-item\">\n\t\t\t\t\t\t\n\t\t\t\t\t\t\t\t\n\t\t\t\t\t\t\t\t\t<a href=\"https:\/\/blackolive-marrakech.com\/wp-content\/uploads\/2025\/11\/1763467854-abe6f517.jpg\" title=\"Suggestion du chef\" class=\"img-zoom\">\n\n\t\t\t\t\t\t\t\t\t\t<div class=\"gallery-box\">\n\n\t\t\t\t\t\t\t\t\t\t\t<div class=\"gallery-img\"> <img decoding=\"async\" src=\"https:\/\/blackolive-marrakech.com\/wp-content\/uploads\/2025\/11\/1763467854-abe6f517.jpg\" class=\"img-fluid mx-auto d-block\" alt=\"image de travail\"> <\/div>\n\n\t\t\t\t\t\t\t\t\t\t<\/div>\n\n\t\t\t\t\t\t\t\t\t<\/a>\n\n\t\t\t\t\t\t\t\t\n\t\t\t\t\t\t\t<\/div>\n\n\t\t\t\t\t\t\t\t\t\t\t\n\t\t\t\t\t\t\t\n\t\t\t\t\t\t\t<div class=\"col-md-4 gallery-item\">\n\t\t\t\t\t\t\n\t\t\t\t\t\t\t\t\n\t\t\t\t\t\t\t\t\t<a href=\"https:\/\/blackolive-marrakech.com\/wp-content\/uploads\/2025\/11\/1763467887-422d3fca.jpg\" title=\"Suggestion du chef\" class=\"img-zoom\">\n\n\t\t\t\t\t\t\t\t\t\t<div class=\"gallery-box\">\n\n\t\t\t\t\t\t\t\t\t\t\t<div class=\"gallery-img\"> <img decoding=\"async\" src=\"https:\/\/blackolive-marrakech.com\/wp-content\/uploads\/2025\/11\/1763467887-422d3fca.jpg\" class=\"img-fluid mx-auto d-block\" alt=\"image de travail\"> <\/div>\n\n\t\t\t\t\t\t\t\t\t\t<\/div>\n\n\t\t\t\t\t\t\t\t\t<\/a>\n\n\t\t\t\t\t\t\t\t\n\t\t\t\t\t\t\t<\/div>\n\n\t\t\t\t\t\t\t\t\t\t\t\n\t\t\t\t\t\t\t\n\t\t\t\t\t\t\t<div class=\"col-md-4 gallery-item\">\n\t\t\t\t\t\t\n\t\t\t\t\t\t\t\t\n\t\t\t\t\t\t\t\t\t<a href=\"https:\/\/blackolive-marrakech.com\/wp-content\/uploads\/2025\/11\/1763467906-575b3b37.jpg\" title=\"Suggestion du chef\" class=\"img-zoom\">\n\n\t\t\t\t\t\t\t\t\t\t<div class=\"gallery-box\">\n\n\t\t\t\t\t\t\t\t\t\t\t<div class=\"gallery-img\"> <img decoding=\"async\" src=\"https:\/\/blackolive-marrakech.com\/wp-content\/uploads\/2025\/11\/1763467906-575b3b37.jpg\" class=\"img-fluid mx-auto d-block\" alt=\"image de travail\"> <\/div>\n\n\t\t\t\t\t\t\t\t\t\t<\/div>\n\n\t\t\t\t\t\t\t\t\t<\/a>\n\n\t\t\t\t\t\t\t\t\n\t\t\t\t\t\t\t<\/div>\n\n\t\t\t\t\t\t\t\t\t\t\t\n\t\t\t\t\t\t\t\n\t\t\t\t\t\t\t<div class=\"col-md-4 gallery-item\">\n\t\t\t\t\t\t\n\t\t\t\t\t\t\t\t\n\t\t\t\t\t\t\t\t\t<a href=\"https:\/\/blackolive-marrakech.com\/wp-content\/uploads\/2025\/11\/1763467926-27c26b2a.jpg\" title=\"Suggestion du chef\" class=\"img-zoom\">\n\n\t\t\t\t\t\t\t\t\t\t<div class=\"gallery-box\">\n\n\t\t\t\t\t\t\t\t\t\t\t<div class=\"gallery-img\"> <img decoding=\"async\" src=\"https:\/\/blackolive-marrakech.com\/wp-content\/uploads\/2025\/11\/1763467926-27c26b2a.jpg\" class=\"img-fluid mx-auto d-block\" alt=\"image de travail\"> <\/div>\n\n\t\t\t\t\t\t\t\t\t\t<\/div>\n\n\t\t\t\t\t\t\t\t\t<\/a>\n\n\t\t\t\t\t\t\t\t\n\t\t\t\t\t\t\t<\/div>\n\n\t\t\t\t\t\t\t\t\t\t\t\n\t\t\t\t\t\t\t\t\t\t\t\t\t<div class=\"col-md-6 gallery-item\">\n\t\t\t\t\t\t\n\t\t\t\t\t\t\t\t\n\t\t\t\t\t\t\t\t\t<a href=\"https:\/\/blackolive-marrakech.com\/wp-content\/uploads\/2025\/12\/5Q4A7710-scaled.jpg\" title=\"Suggestion du chef\" class=\"img-zoom\">\n\n\t\t\t\t\t\t\t\t\t\t<div class=\"gallery-box\">\n\n\t\t\t\t\t\t\t\t\t\t\t<div class=\"gallery-img\"> <img decoding=\"async\" src=\"https:\/\/blackolive-marrakech.com\/wp-content\/uploads\/2025\/12\/5Q4A7710-scaled.jpg\" class=\"img-fluid mx-auto d-block\" alt=\"image de travail\"> <\/div>\n\n\t\t\t\t\t\t\t\t\t\t<\/div>\n\n\t\t\t\t\t\t\t\t\t<\/a>\n\n\t\t\t\t\t\t\t\t\n\t\t\t\t\t\t\t<\/div>\n\n\t\t\t\t\t\t\t\t\t\t\t\n\t\t\t\t\t\t\t\t\t\t\t\t\t<div class=\"col-md-6 gallery-item\">\n\t\t\t\t\t\t\n\t\t\t\t\t\t\t\t\n\t\t\t\t\t\t\t\t\t<a href=\"https:\/\/blackolive-marrakech.com\/wp-content\/uploads\/2025\/12\/5Q4A7673-scaled.jpg\" title=\"Suggestion du chef\" class=\"img-zoom\">\n\n\t\t\t\t\t\t\t\t\t\t<div class=\"gallery-box\">\n\n\t\t\t\t\t\t\t\t\t\t\t<div class=\"gallery-img\"> <img decoding=\"async\" src=\"https:\/\/blackolive-marrakech.com\/wp-content\/uploads\/2025\/12\/5Q4A7673-scaled.jpg\" class=\"img-fluid mx-auto d-block\" alt=\"image de travail\"> <\/div>\n\n\t\t\t\t\t\t\t\t\t\t<\/div>\n\n\t\t\t\t\t\t\t\t\t<\/a>\n\n\t\t\t\t\t\t\t\t\n\t\t\t\t\t\t\t<\/div>\n\n\t\t\t\t\t\t\t\t\t\t\t\n\t\t\t\t\t\t\t\t\t\t\t\t\t<div class=\"col-md-6 gallery-item\">\n\t\t\t\t\t\t\n\t\t\t\t\t\t\t\t\n\t\t\t\t\t\t\t\t\t<a href=\"https:\/\/blackolive-marrakech.com\/wp-content\/uploads\/2025\/12\/5Q4A7667-scaled.jpg\" title=\"Suggestion du chef\" class=\"img-zoom\">\n\n\t\t\t\t\t\t\t\t\t\t<div class=\"gallery-box\">\n\n\t\t\t\t\t\t\t\t\t\t\t<div class=\"gallery-img\"> <img decoding=\"async\" src=\"https:\/\/blackolive-marrakech.com\/wp-content\/uploads\/2025\/12\/5Q4A7667-scaled.jpg\" class=\"img-fluid mx-auto d-block\" alt=\"image de travail\"> <\/div>\n\n\t\t\t\t\t\t\t\t\t\t<\/div>\n\n\t\t\t\t\t\t\t\t\t<\/a>\n\n\t\t\t\t\t\t\t\t\n\t\t\t\t\t\t\t<\/div>\n\n\t\t\t\t\t\n\t\t\t\t<\/div>\n\n\t\t\t<\/div>\n\n\t\t<\/section>\n\t\t\n\t\t\t\t\t<\/div>\n\t\t\t\t<\/div>\n\t\t\t\t\t<\/div>\n\t\t\t\t<\/div>\n\t\t\t\t<\/div>","protected":false},"excerpt":{"rendered":"<p>D\u00e9couvrez notre restaurant Une place magnifique pour des souvenirs m\u00e9morables Bijou architectural, moderne et tr\u00e9s accueillant Visitez notre chef d&#8217;\u0153uvre architectural<\/p>","protected":false},"author":1,"featured_media":0,"parent":0,"menu_order":0,"comment_status":"closed","ping_status":"closed","template":"page-templates\/home.php","meta":{"footnotes":""},"class_list":["post-39","page","type-page","status-publish","hentry"],"_hostinger_reach_plugin_has_subscription_block":false,"_hostinger_reach_plugin_is_elementor":false,"_links":{"self":[{"href":"https:\/\/blackolive-marrakech.com\/fr\/wp-json\/wp\/v2\/pages\/39","targetHints":{"allow":["GET"]}}],"collection":[{"href":"https:\/\/blackolive-marrakech.com\/fr\/wp-json\/wp\/v2\/pages"}],"about":[{"href":"https:\/\/blackolive-marrakech.com\/fr\/wp-json\/wp\/v2\/types\/page"}],"author":[{"embeddable":true,"href":"https:\/\/blackolive-marrakech.com\/fr\/wp-json\/wp\/v2\/users\/1"}],"replies":[{"embeddable":true,"href":"https:\/\/blackolive-marrakech.com\/fr\/wp-json\/wp\/v2\/comments?post=39"}],"version-history":[{"count":6,"href":"https:\/\/blackolive-marrakech.com\/fr\/wp-json\/wp\/v2\/pages\/39\/revisions"}],"predecessor-version":[{"id":868,"href":"https:\/\/blackolive-marrakech.com\/fr\/wp-json\/wp\/v2\/pages\/39\/revisions\/868"}],"wp:attachment":[{"href":"https:\/\/blackolive-marrakech.com\/fr\/wp-json\/wp\/v2\/media?parent=39"}],"curies":[{"name":"wp","href":"https:\/\/api.w.org\/{rel}","templated":true}]}}